{"id":13,"date":"2025-01-23T23:15:30","date_gmt":"2025-01-23T22:15:30","guid":{"rendered":"http:\/\/smgwezs.cluster027.hosting.ovh.net\/?page_id=13"},"modified":"2025-03-03T11:44:15","modified_gmt":"2025-03-03T10:44:15","slug":"accueil","status":"publish","type":"page","link":"https:\/\/www.jardinduki.com\/","title":{"rendered":"Accueil"},"content":{"rendered":"\n<div class=\"wp-block-columns has-small-font-size is-layout-flex wp-container-core-columns-is-layout-33e2c27f wp-block-columns-is-layout-flex\" style=\"border-radius:0px;margin-top:0;margin-bottom:0;padding-top:var(--wp--preset--spacing--80);padding-right:0;padding-bottom:var(--wp--preset--spacing--80);padding-left:0\">\n<div class=\"wp-block-column is-layout-flow wp-block-column-is-layout-flow\" style=\"flex-basis:33.33%\">\n<figure class=\"wp-block-image size-large\"><img fetchpriority=\"high\" decoding=\"async\" width=\"1024\" height=\"1024\" src=\"https:\/\/www.jardinduki.com\/wp-content\/uploads\/2025\/02\/IMG_3657-1024x1024.jpeg\" alt=\"\" class=\"wp-image-105\" style=\"aspect-ratio:9\/16;object-fit:cover\" srcset=\"https:\/\/www.jardinduki.com\/wp-content\/uploads\/2025\/02\/IMG_3657-1024x1024.jpeg 1024w, https:\/\/www.jardinduki.com\/wp-content\/uploads\/2025\/02\/IMG_3657-300x300.jpeg 300w, https:\/\/www.jardinduki.com\/wp-content\/uploads\/2025\/02\/IMG_3657-150x150.jpeg 150w, https:\/\/www.jardinduki.com\/wp-content\/uploads\/2025\/02\/IMG_3657-768x768.jpeg 768w, https:\/\/www.jardinduki.com\/wp-content\/uploads\/2025\/02\/IMG_3657-1536x1536.jpeg 1536w, https:\/\/www.jardinduki.com\/wp-content\/uploads\/2025\/02\/IMG_3657.jpeg 1772w\" sizes=\"(max-width: 1024px) 100vw, 1024px\" \/><\/figure>\n<\/div>\n\n\n\n<div class=\"wp-block-column has-white-color has-text-color has-background has-link-color wp-elements-ee4d100ed040c1d1dafe795ea86e48bf is-layout-flow wp-container-core-column-is-layout-12dbec6b wp-block-column-is-layout-flow\" style=\"border-radius:10px;background-color:#4f463a;padding-top:var(--wp--preset--spacing--80);padding-right:var(--wp--preset--spacing--80);padding-bottom:var(--wp--preset--spacing--80);padding-left:var(--wp--preset--spacing--80);flex-basis:66.67%\">\n<h2 class=\"wp-block-heading has-white-color has-text-color has-link-color wp-elements-8688cd08a0dfe6ffd48e8c88552363d4\">Le Shiatsu et moi<\/h2>\n\n\n\n<p>Le Shiatsu est une philosophie, un art de vivre : comprendre les \u00e9nergies et leurs \u00e9changes, les \u00e9quilibres, les flux, les d\u00e9placements, l\u00e2cher prise, laisser le corps sentir et ressentir, tout cela pour parvenir \u00e0 une coh\u00e9sion globale : l&rsquo;hom\u00e9ostasie.<\/p>\n\n\n\n<p><br><\/p>\n\n\n\n<p>Pendant 4 ans, j&rsquo;ai suivi la formation propos\u00e9e par Nathalie VITRY de l&rsquo;<u><a href=\"https:\/\/www.shiatsu-var.com\/\" target=\"_blank\" rel=\"noreferrer noopener\">\u00e9cole Sens en \u00e9veil \u00e0 La Valette du Var<\/a><\/u>, ayant elle-m\u00eame \u00e9tudi\u00e9 aux c\u00f4t\u00e9s de <u><a href=\"https:\/\/www.iokaishiatsufrance.fr\/shiatsu\/les-fondateurs-du-iokai\/\" target=\"_blank\" rel=\"noreferrer noopener\">Kazunori SASAKI Sensei<\/a><\/u>, assistant de <u><a href=\"https:\/\/fr.wikipedia.org\/wiki\/Shizuto_Masunaga\" target=\"_blank\" rel=\"noreferrer noopener\">Shizuto MASUNAGA Sensei<\/a><\/u> et fondateur du IOKA\u00cf Meridian Shiatsu en Europe.<\/p>\n\n\n\n<p><br><\/p>\n\n\n\n<p>Pour progresser, j&rsquo;ai d\u00fb remettre en question et modifier certaines de mes connaissances et habitudes afin de m&rsquo;ouvrir et de m&rsquo;adapter aux nouveaux apprentissages. Cette formation pratique et th\u00e9orique tr\u00e8s compl\u00e8te m&rsquo;a permis d&rsquo;atteindre une expertise, pour vous apporter des soins adapt\u00e9s et personnalis\u00e9s.<\/p>\n\n\n\n<p><br><\/p>\n\n\n\n<div id=\"wp-block-themeisle-blocks-accordion-a7b7dc02\" class=\"wp-block-themeisle-blocks-accordion exclusive\">\n<details class=\"wp-block-themeisle-blocks-accordion-item\"><summary class=\"wp-block-themeisle-blocks-accordion-item__title\"><div>Dipl\u00f4mes et certificats<\/div><\/summary><div class=\"wp-block-themeisle-blocks-accordion-item__content\">\n<ul class=\"wp-block-list\">\n<li>Dipl\u00f4me : Energ\u00e9ticienne experte en Shiatsu<\/li>\n\n\n\n<li><u><a href=\"https:\/\/www.syndicat-shiatsu.fr\/un-titre-professionnel-rncp\/\" target=\"_blank\" rel=\"noreferrer noopener\"><span class=\"highlight\">Titre RNCP du Syndicat des Professionnels de Shiatsu<\/span><\/a><\/u> : Sp\u00e9cialiste en Shiatsu<\/li>\n\n\n\n<li>Certificat de niveau 1 et 2 en anatomie et physiopathologie<\/li>\n<\/ul>\n<\/div><\/details>\n\n\n\n<details class=\"wp-block-themeisle-blocks-accordion-item\"><summary class=\"wp-block-themeisle-blocks-accordion-item__title\"><div>Stages et formations post dipl\u00f4mes<\/div><\/summary><div class=\"wp-block-themeisle-blocks-accordion-item__content\">\n<ul class=\"wp-block-list\">\n<li>Potentialiser les aptitudes sportives &#8211; prise en charge axiale (Syndicat des Professionnels de Shiatsu &#8211; 2024)<\/li>\n\n\n\n<li>Shiatsu et biom\u00e9canique articulaire (Syndicat des Professionnels de Shiatsu &#8211; 2024)<\/li>\n<\/ul>\n<\/div><\/details>\n<\/div>\n<\/div>\n<\/div>\n\n\n\n<div class=\"wp-block-columns is-layout-flex wp-container-core-columns-is-layout-28f84493 wp-block-columns-is-layout-flex\">\n<div class=\"wp-block-column is-vertically-aligned-center is-layout-flow wp-block-column-is-layout-flow\" style=\"flex-basis:33.33%\"><\/div>\n\n\n\n<div class=\"wp-block-column is-vertically-aligned-center is-layout-flow wp-block-column-is-layout-flow\" style=\"flex-basis:66.66%\">\n<h2 class=\"wp-block-heading has-text-align-center\">Contact<\/h2>\n<\/div>\n<\/div>\n\n\n\n<div class=\"wp-block-columns is-layout-flex wp-container-core-columns-is-layout-28f84493 wp-block-columns-is-layout-flex\">\n<div class=\"wp-block-column is-vertically-aligned-center is-layout-flow wp-block-column-is-layout-flow\" style=\"flex-basis:33.33%\">\n<div id=\"wp-block-themeisle-blocks-font-awesome-icons-2852b133\" class=\"wp-block-themeisle-blocks-font-awesome-icons\"><span class=\"wp-block-themeisle-blocks-font-awesome-icons-container\"><i class=\"fas fa-home\"><\/i><\/span><\/div>\n<\/div>\n\n\n\n<div class=\"wp-block-column is-vertically-aligned-center is-layout-flow wp-block-column-is-layout-flow\" style=\"flex-basis:66.66%\">\n<p class=\"has-text-align-center\">Centre de soins Lou Caire<br>1A, rue de la Frago<br>13470 Carnoux-en-Provence<br>FRANCE<\/p>\n<\/div>\n<\/div>\n\n\n\n<div class=\"wp-block-columns is-layout-flex wp-container-core-columns-is-layout-28f84493 wp-block-columns-is-layout-flex\">\n<div class=\"wp-block-column is-vertically-aligned-center is-layout-flow wp-block-column-is-layout-flow\" style=\"flex-basis:33.33%\">\n<div id=\"wp-block-themeisle-blocks-font-awesome-icons-65cf7d80\" class=\"wp-block-themeisle-blocks-font-awesome-icons\"><span class=\"wp-block-themeisle-blocks-font-awesome-icons-container\"><i class=\"fas fa-mobile\"><\/i><\/span><\/div>\n<\/div>\n\n\n\n<div class=\"wp-block-column is-vertically-aligned-center is-layout-flow wp-block-column-is-layout-flow\" style=\"flex-basis:66.66%\">\n<p class=\"has-text-align-center\"><a href=\"tel:+33695860603\">+33 (0)6 95 86 06 03<\/a><\/p>\n<\/div>\n<\/div>\n\n\n<div style=\"height:400pxpx;\" class=\"wp-block-themeisle-blocks-leaflet-map\" id=\"wp-block-themeisle-blocks-leaflet-map-319845e6\"><\/div>\n<script type=\"text\/javascript\">\n\t\/* <![CDATA[ *\/\n\t\tif ( ! window.themeisleLeafletMaps ) window.themeisleLeafletMaps =[];\n\t\twindow.themeisleLeafletMaps.push( { container: \"wp-block-themeisle-blocks-leaflet-map-319845e6\", attributes: {\"id\":\"wp-block-themeisle-blocks-leaflet-map-319845e6\",\"location\":\"1A, rue de la Frago\",\"latitude\":\"43.25947251091415\",\"longitude\":\"5.574854782826894\",\"bbox\":\"5.55685043334961,43.2532362057265,5.5928993225097665,43.2657375743355\",\"zoom\":13,\"markers\":[{\"id\":\"c38bdec0-12fc-420a-911c-5133e6765a95\",\"latitude\":43.25947251091415,\"longitude\":5.574854782826894,\"title\":\"1A, rue de la Frago\",\"description\":\"\",\"location\":\"1A, rue de la Frago\"}],\"height\":\"400px\",\"zoomControl\":true,\"draggable\":true,\"hasCustomCSS\":false,\"customCSS\":\"\",\"openPopupId\":\"\",\"otterConditions\":[]} } );\n\t\/* ]]> *\/\n<\/script>\n","protected":false},"excerpt":{"rendered":"<p>Le Shiatsu et moi Le Shiatsu est une philosophie, un art de vivre : comprendre les \u00e9nergies et leurs \u00e9changes, les \u00e9quilibres, les flux, les d\u00e9placements, l\u00e2cher prise, laisser le corps sentir et ressentir, tout cela pour parvenir \u00e0 une coh\u00e9sion globale : l&rsquo;hom\u00e9ostasie. Pendant 4 ans, j&rsquo;ai suivi la [&hellip;]<\/p>\n","protected":false},"author":1,"featured_media":0,"parent":0,"menu_order":0,"comment_status":"closed","ping_status":"closed","template":"","meta":{"_themeisle_gutenberg_block_has_review":false,"footnotes":""},"class_list":["post-13","page","type-page","status-publish","hentry"],"yoast_head":"<!-- This site is optimized with the Yoast SEO plugin v26.1.1 - https:\/\/yoast.com\/wordpress\/plugins\/seo\/ -->\n<title>Accueil - Val\u00e9rie STRAUMANN<\/title>\n<meta name=\"robots\" content=\"index, follow, max-snippet:-1, max-image-preview:large, max-video-preview:-1\" \/>\n<link rel=\"canonical\" href=\"https:\/\/www.jardinduki.com\/\" \/>\n<meta property=\"og:locale\" content=\"fr_FR\" \/>\n<meta property=\"og:type\" content=\"article\" \/>\n<meta property=\"og:title\" content=\"Accueil - Val\u00e9rie STRAUMANN\" \/>\n<meta property=\"og:description\" content=\"Le Shiatsu et moi Le Shiatsu est une philosophie, un art de vivre : comprendre les \u00e9nergies et leurs \u00e9changes, les \u00e9quilibres, les flux, les d\u00e9placements, l\u00e2cher prise, laisser le corps sentir et ressentir, tout cela pour parvenir \u00e0 une coh\u00e9sion globale : l&rsquo;hom\u00e9ostasie. Pendant 4 ans, j&rsquo;ai suivi la [&hellip;]\" \/>\n<meta property=\"og:url\" content=\"https:\/\/www.jardinduki.com\/\" \/>\n<meta property=\"og:site_name\" content=\"Val\u00e9rie STRAUMANN\" \/>\n<meta property=\"article:modified_time\" content=\"2025-03-03T10:44:15+00:00\" \/>\n<meta property=\"og:image\" content=\"https:\/\/www.jardinduki.com\/wp-content\/uploads\/2025\/02\/IMG_3657.jpeg\" \/>\n\t<meta property=\"og:image:width\" content=\"1772\" \/>\n\t<meta property=\"og:image:height\" content=\"1772\" \/>\n\t<meta property=\"og:image:type\" content=\"image\/jpeg\" \/>\n<meta name=\"twitter:card\" content=\"summary_large_image\" \/>\n<meta name=\"twitter:label1\" content=\"Dur\u00e9e de lecture estim\u00e9e\" \/>\n\t<meta name=\"twitter:data1\" content=\"2 minutes\" \/>\n<script type=\"application\/ld+json\" class=\"yoast-schema-graph\">{\"@context\":\"https:\/\/schema.org\",\"@graph\":[{\"@type\":\"WebPage\",\"@id\":\"https:\/\/www.jardinduki.com\/\",\"url\":\"https:\/\/www.jardinduki.com\/\",\"name\":\"Accueil - Val\u00e9rie STRAUMANN\",\"isPartOf\":{\"@id\":\"https:\/\/www.jardinduki.com\/#website\"},\"primaryImageOfPage\":{\"@id\":\"https:\/\/www.jardinduki.com\/#primaryimage\"},\"image\":{\"@id\":\"https:\/\/www.jardinduki.com\/#primaryimage\"},\"thumbnailUrl\":\"https:\/\/www.jardinduki.com\/wp-content\/uploads\/2025\/02\/IMG_3657-1024x1024.jpeg\",\"datePublished\":\"2025-01-23T22:15:30+00:00\",\"dateModified\":\"2025-03-03T10:44:15+00:00\",\"breadcrumb\":{\"@id\":\"https:\/\/www.jardinduki.com\/#breadcrumb\"},\"inLanguage\":\"fr-FR\",\"potentialAction\":[{\"@type\":\"ReadAction\",\"target\":[\"https:\/\/www.jardinduki.com\/\"]}]},{\"@type\":\"ImageObject\",\"inLanguage\":\"fr-FR\",\"@id\":\"https:\/\/www.jardinduki.com\/#primaryimage\",\"url\":\"https:\/\/www.jardinduki.com\/wp-content\/uploads\/2025\/02\/IMG_3657.jpeg\",\"contentUrl\":\"https:\/\/www.jardinduki.com\/wp-content\/uploads\/2025\/02\/IMG_3657.jpeg\",\"width\":1772,\"height\":1772},{\"@type\":\"BreadcrumbList\",\"@id\":\"https:\/\/www.jardinduki.com\/#breadcrumb\",\"itemListElement\":[{\"@type\":\"ListItem\",\"position\":1,\"name\":\"Accueil\",\"item\":\"https:\/\/www.jardinduki.com\/\"},{\"@type\":\"ListItem\",\"position\":2,\"name\":\"Accueil\"}]},{\"@type\":\"WebSite\",\"@id\":\"https:\/\/www.jardinduki.com\/#website\",\"url\":\"https:\/\/www.jardinduki.com\/\",\"name\":\"Val\u00e9rie STRAUMANN\",\"description\":\"Sp\u00e9cialiste en Shiatsu\",\"publisher\":{\"@id\":\"https:\/\/www.jardinduki.com\/#organization\"},\"potentialAction\":[{\"@type\":\"SearchAction\",\"target\":{\"@type\":\"EntryPoint\",\"urlTemplate\":\"https:\/\/www.jardinduki.com\/?s={search_term_string}\"},\"query-input\":{\"@type\":\"PropertyValueSpecification\",\"valueRequired\":true,\"valueName\":\"search_term_string\"}}],\"inLanguage\":\"fr-FR\"},{\"@type\":\"Organization\",\"@id\":\"https:\/\/www.jardinduki.com\/#organization\",\"name\":\"Jardin du KI\",\"url\":\"https:\/\/www.jardinduki.com\/\",\"logo\":{\"@type\":\"ImageObject\",\"inLanguage\":\"fr-FR\",\"@id\":\"https:\/\/www.jardinduki.com\/#\/schema\/logo\/image\/\",\"url\":\"https:\/\/www.jardinduki.com\/wp-content\/uploads\/2024\/11\/cropped-LOGO_MARRON.png\",\"contentUrl\":\"https:\/\/www.jardinduki.com\/wp-content\/uploads\/2024\/11\/cropped-LOGO_MARRON.png\",\"width\":768,\"height\":768,\"caption\":\"Jardin du KI\"},\"image\":{\"@id\":\"https:\/\/www.jardinduki.com\/#\/schema\/logo\/image\/\"},\"sameAs\":[\"https:\/\/www.instagram.com\/jardinduki\"]}]}<\/script>\n<!-- \/ Yoast SEO plugin. -->","yoast_head_json":{"title":"Accueil - Val\u00e9rie STRAUMANN","robots":{"index":"index","follow":"follow","max-snippet":"max-snippet:-1","max-image-preview":"max-image-preview:large","max-video-preview":"max-video-preview:-1"},"canonical":"https:\/\/www.jardinduki.com\/","og_locale":"fr_FR","og_type":"article","og_title":"Accueil - Val\u00e9rie STRAUMANN","og_description":"Le Shiatsu et moi Le Shiatsu est une philosophie, un art de vivre : comprendre les \u00e9nergies et leurs \u00e9changes, les \u00e9quilibres, les flux, les d\u00e9placements, l\u00e2cher prise, laisser le corps sentir et ressentir, tout cela pour parvenir \u00e0 une coh\u00e9sion globale : l&rsquo;hom\u00e9ostasie. Pendant 4 ans, j&rsquo;ai suivi la [&hellip;]","og_url":"https:\/\/www.jardinduki.com\/","og_site_name":"Val\u00e9rie STRAUMANN","article_modified_time":"2025-03-03T10:44:15+00:00","og_image":[{"width":1772,"height":1772,"url":"https:\/\/www.jardinduki.com\/wp-content\/uploads\/2025\/02\/IMG_3657.jpeg","type":"image\/jpeg"}],"twitter_card":"summary_large_image","twitter_misc":{"Dur\u00e9e de lecture estim\u00e9e":"2 minutes"},"schema":{"@context":"https:\/\/schema.org","@graph":[{"@type":"WebPage","@id":"https:\/\/www.jardinduki.com\/","url":"https:\/\/www.jardinduki.com\/","name":"Accueil - Val\u00e9rie STRAUMANN","isPartOf":{"@id":"https:\/\/www.jardinduki.com\/#website"},"primaryImageOfPage":{"@id":"https:\/\/www.jardinduki.com\/#primaryimage"},"image":{"@id":"https:\/\/www.jardinduki.com\/#primaryimage"},"thumbnailUrl":"https:\/\/www.jardinduki.com\/wp-content\/uploads\/2025\/02\/IMG_3657-1024x1024.jpeg","datePublished":"2025-01-23T22:15:30+00:00","dateModified":"2025-03-03T10:44:15+00:00","breadcrumb":{"@id":"https:\/\/www.jardinduki.com\/#breadcrumb"},"inLanguage":"fr-FR","potentialAction":[{"@type":"ReadAction","target":["https:\/\/www.jardinduki.com\/"]}]},{"@type":"ImageObject","inLanguage":"fr-FR","@id":"https:\/\/www.jardinduki.com\/#primaryimage","url":"https:\/\/www.jardinduki.com\/wp-content\/uploads\/2025\/02\/IMG_3657.jpeg","contentUrl":"https:\/\/www.jardinduki.com\/wp-content\/uploads\/2025\/02\/IMG_3657.jpeg","width":1772,"height":1772},{"@type":"BreadcrumbList","@id":"https:\/\/www.jardinduki.com\/#breadcrumb","itemListElement":[{"@type":"ListItem","position":1,"name":"Accueil","item":"https:\/\/www.jardinduki.com\/"},{"@type":"ListItem","position":2,"name":"Accueil"}]},{"@type":"WebSite","@id":"https:\/\/www.jardinduki.com\/#website","url":"https:\/\/www.jardinduki.com\/","name":"Val\u00e9rie STRAUMANN","description":"Sp\u00e9cialiste en Shiatsu","publisher":{"@id":"https:\/\/www.jardinduki.com\/#organization"},"potentialAction":[{"@type":"SearchAction","target":{"@type":"EntryPoint","urlTemplate":"https:\/\/www.jardinduki.com\/?s={search_term_string}"},"query-input":{"@type":"PropertyValueSpecification","valueRequired":true,"valueName":"search_term_string"}}],"inLanguage":"fr-FR"},{"@type":"Organization","@id":"https:\/\/www.jardinduki.com\/#organization","name":"Jardin du KI","url":"https:\/\/www.jardinduki.com\/","logo":{"@type":"ImageObject","inLanguage":"fr-FR","@id":"https:\/\/www.jardinduki.com\/#\/schema\/logo\/image\/","url":"https:\/\/www.jardinduki.com\/wp-content\/uploads\/2024\/11\/cropped-LOGO_MARRON.png","contentUrl":"https:\/\/www.jardinduki.com\/wp-content\/uploads\/2024\/11\/cropped-LOGO_MARRON.png","width":768,"height":768,"caption":"Jardin du KI"},"image":{"@id":"https:\/\/www.jardinduki.com\/#\/schema\/logo\/image\/"},"sameAs":["https:\/\/www.instagram.com\/jardinduki"]}]}},"_links":{"self":[{"href":"https:\/\/www.jardinduki.com\/index.php\/wp-json\/wp\/v2\/pages\/13","targetHints":{"allow":["GET"]}}],"collection":[{"href":"https:\/\/www.jardinduki.com\/index.php\/wp-json\/wp\/v2\/pages"}],"about":[{"href":"https:\/\/www.jardinduki.com\/index.php\/wp-json\/wp\/v2\/types\/page"}],"author":[{"embeddable":true,"href":"https:\/\/www.jardinduki.com\/index.php\/wp-json\/wp\/v2\/users\/1"}],"replies":[{"embeddable":true,"href":"https:\/\/www.jardinduki.com\/index.php\/wp-json\/wp\/v2\/comments?post=13"}],"version-history":[{"count":60,"href":"https:\/\/www.jardinduki.com\/index.php\/wp-json\/wp\/v2\/pages\/13\/revisions"}],"predecessor-version":[{"id":342,"href":"https:\/\/www.jardinduki.com\/index.php\/wp-json\/wp\/v2\/pages\/13\/revisions\/342"}],"wp:attachment":[{"href":"https:\/\/www.jardinduki.com\/index.php\/wp-json\/wp\/v2\/media?parent=13"}],"curies":[{"name":"wp","href":"https:\/\/api.w.org\/{rel}","templated":true}]}}