{"id":152,"date":"2025-02-23T19:27:22","date_gmt":"2025-02-23T18:27:22","guid":{"rendered":"https:\/\/www.jardinduki.com\/?page_id=152"},"modified":"2025-10-16T09:57:30","modified_gmt":"2025-10-16T07:57:30","slug":"carte-des-soins","status":"publish","type":"page","link":"https:\/\/www.jardinduki.com\/index.php\/carte-des-soins\/","title":{"rendered":"Carte des soins"},"content":{"rendered":"\n<p>Pour obtenir des r\u00e9sultats plus durables et profiter d&rsquo;un suivi personnalis\u00e9, vous pouvez opter pour des formules de plusieurs s\u00e9ances. Ces forfaits sont id\u00e9aux pour une progression continue, vous permettant de maximiser les bienfaits de chaque s\u00e9ance et de cr\u00e9er un v\u00e9ritable impact sur le long terme.<\/p>\n\n\n\n<p>En choisissant une formule, vous b\u00e9n\u00e9ficiez non seulement de tarifs avantageux, mais aussi d&rsquo;un accompagnement plus pouss\u00e9 pour garantir des effets qui perdurent dans le temps.<\/p>\n\n\n\n<p>Vous pouvez \u00e9galement faire plaisir \u00e0 vos proches en leur offrant une carte cadeau.<\/p>\n\n\n\n<figure class=\"wp-block-table\"><table><tbody><tr><td><strong>D\u00e9couverte<\/strong><\/td><td>la 1\u00e8re s\u00e9ance<\/td><td>1h00<\/td><td>40\u20ac<\/td><td>-40%<\/td><\/tr><tr><td><strong>Bien-\u00eatre<\/strong><\/td><td>1 s\u00e9ance<\/td><td>1h00<\/td><td>65\u20ac<\/td><td><\/td><\/tr><tr><td><strong>S\u00e9r\u00e9nit\u00e9<\/strong><\/td><td>3 s\u00e9ances<\/td><td>1h00<\/td><td>180\u20ac<\/td><td>-8%<\/td><\/tr><tr><td><strong>Pl\u00e9nitude<\/strong><\/td><td>5 s\u00e9ances<\/td><td>1h00<\/td><td>275\u20ac<\/td><td>-15%<\/td><\/tr><tr><td><strong>Enfant <\/strong><br>(-12 ans)<\/td><td>1 s\u00e9ance<\/td><td>0h30<\/td><td>30\u20ac<\/td><td><\/td><\/tr><tr><td><strong>Tarif r\u00e9duit<\/strong><br>(\u00e9tudiant, &#8230;)<\/td><td>1 s\u00e9ance<\/td><td>1h00<\/td><td>55\u20ac<\/td><td>-15%<\/td><\/tr><\/tbody><\/table><\/figure>\n\n\n\n<p><\/p>\n\n\n\n<div class=\"wp-block-buttons is-content-justification-center is-layout-flex wp-container-core-buttons-is-layout-a89b3969 wp-block-buttons-is-layout-flex\">\n<div class=\"wp-block-button\"><a class=\"wp-block-button__link has-text-align-center wp-element-button\" href=\"https:\/\/www.resalib.fr\/praticien\/99426-valerie-straumann-praticien-shiatsu-carnoux-en-provence\" target=\"_blank\" rel=\"noreferrer noopener\">Prendre rendez-vous<\/a><\/div>\n\n\n\n<div class=\"wp-block-button\"><a class=\"wp-block-button__link has-text-align-center wp-element-button\" href=\"tel:+33695860603\">Contacter Val\u00e9rie au <br>+33 (0)6 95 86 06 03<\/a><\/div>\n<\/div>\n\n\n\n<p><\/p>\n\n\n\n<div id=\"wp-block-themeisle-blocks-accordion-da5e91a2\" class=\"wp-block-themeisle-blocks-accordion exclusive\">\n<details class=\"wp-block-themeisle-blocks-accordion-item\"><summary class=\"wp-block-themeisle-blocks-accordion-item__title\"><div>Prise en charge par les compl\u00e9mentaires sant\u00e9<\/div><\/summary><div class=\"wp-block-themeisle-blocks-accordion-item__content\">\n<p>Certaines compl\u00e9mentaires sant\u00e9 proposent la prise en charge des s\u00e9ances de m\u00e9decine douce, y compris de Shiatsu, selon les contrats.<\/p>\n\n\n\n<p>N&rsquo;h\u00e9sitez pas \u00e0 consulter votre mutuelle pour connaitre le montant de la prise en charge et \u00e0 demander une facture lors de la s\u00e9ance.<\/p>\n\n\n\n<div class=\"wp-block-buttons is-content-justification-center is-layout-flex wp-container-core-buttons-is-layout-a89b3969 wp-block-buttons-is-layout-flex\">\n<div class=\"wp-block-button\"><a class=\"wp-block-button__link has-text-align-center wp-element-button\" href=\"https:\/\/www.syndicat-shiatsu.fr\/les-mutuelles\/\" target=\"_blank\" rel=\"noreferrer noopener\">Afficher la liste des mutuelles<\/a><\/div>\n<\/div>\n<\/div><\/details>\n<\/div>\n\n\n\n<p><\/p>\n","protected":false},"excerpt":{"rendered":"<p>Pour obtenir des r\u00e9sultats plus durables et profiter d&rsquo;un suivi personnalis\u00e9, vous pouvez opter pour des formules de plusieurs s\u00e9ances. Ces forfaits sont id\u00e9aux pour une progression continue, vous permettant de maximiser les bienfaits de chaque s\u00e9ance et de cr\u00e9er un v\u00e9ritable impact sur le long terme. En choisissant une [&hellip;]<\/p>\n","protected":false},"author":1,"featured_media":19,"parent":0,"menu_order":0,"comment_status":"closed","ping_status":"closed","template":"","meta":{"_themeisle_gutenberg_block_has_review":false,"footnotes":""},"class_list":["post-152","page","type-page","status-publish","has-post-thumbnail","hentry"],"yoast_head":"<!-- This site is optimized with the Yoast SEO plugin v26.1.1 - https:\/\/yoast.com\/wordpress\/plugins\/seo\/ -->\n<title>Carte des soins - Val\u00e9rie STRAUMANN<\/title>\n<meta name=\"robots\" content=\"index, follow, max-snippet:-1, max-image-preview:large, max-video-preview:-1\" \/>\n<link rel=\"canonical\" href=\"https:\/\/www.jardinduki.com\/index.php\/carte-des-soins\/\" \/>\n<meta property=\"og:locale\" content=\"fr_FR\" \/>\n<meta property=\"og:type\" content=\"article\" \/>\n<meta property=\"og:title\" content=\"Carte des soins - Val\u00e9rie STRAUMANN\" \/>\n<meta property=\"og:description\" content=\"Pour obtenir des r\u00e9sultats plus durables et profiter d&rsquo;un suivi personnalis\u00e9, vous pouvez opter pour des formules de plusieurs s\u00e9ances. Ces forfaits sont id\u00e9aux pour une progression continue, vous permettant de maximiser les bienfaits de chaque s\u00e9ance et de cr\u00e9er un v\u00e9ritable impact sur le long terme. En choisissant une [&hellip;]\" \/>\n<meta property=\"og:url\" content=\"https:\/\/www.jardinduki.com\/index.php\/carte-des-soins\/\" \/>\n<meta property=\"og:site_name\" content=\"Val\u00e9rie STRAUMANN\" \/>\n<meta property=\"article:modified_time\" content=\"2025-10-16T07:57:30+00:00\" \/>\n<meta property=\"og:image\" content=\"https:\/\/www.jardinduki.com\/wp-content\/uploads\/2024\/11\/IMG_3274.jpeg\" \/>\n\t<meta property=\"og:image:width\" content=\"2008\" \/>\n\t<meta property=\"og:image:height\" content=\"1564\" \/>\n\t<meta property=\"og:image:type\" content=\"image\/jpeg\" \/>\n<meta name=\"twitter:card\" content=\"summary_large_image\" \/>\n<meta name=\"twitter:label1\" content=\"Dur\u00e9e de lecture estim\u00e9e\" \/>\n\t<meta name=\"twitter:data1\" content=\"2 minutes\" \/>\n<script type=\"application\/ld+json\" class=\"yoast-schema-graph\">{\"@context\":\"https:\/\/schema.org\",\"@graph\":[{\"@type\":\"WebPage\",\"@id\":\"https:\/\/www.jardinduki.com\/index.php\/carte-des-soins\/\",\"url\":\"https:\/\/www.jardinduki.com\/index.php\/carte-des-soins\/\",\"name\":\"Carte des soins - Val\u00e9rie STRAUMANN\",\"isPartOf\":{\"@id\":\"https:\/\/www.jardinduki.com\/#website\"},\"primaryImageOfPage\":{\"@id\":\"https:\/\/www.jardinduki.com\/index.php\/carte-des-soins\/#primaryimage\"},\"image\":{\"@id\":\"https:\/\/www.jardinduki.com\/index.php\/carte-des-soins\/#primaryimage\"},\"thumbnailUrl\":\"https:\/\/www.jardinduki.com\/wp-content\/uploads\/2024\/11\/IMG_3274.jpeg\",\"datePublished\":\"2025-02-23T18:27:22+00:00\",\"dateModified\":\"2025-10-16T07:57:30+00:00\",\"breadcrumb\":{\"@id\":\"https:\/\/www.jardinduki.com\/index.php\/carte-des-soins\/#breadcrumb\"},\"inLanguage\":\"fr-FR\",\"potentialAction\":[{\"@type\":\"ReadAction\",\"target\":[\"https:\/\/www.jardinduki.com\/index.php\/carte-des-soins\/\"]}]},{\"@type\":\"ImageObject\",\"inLanguage\":\"fr-FR\",\"@id\":\"https:\/\/www.jardinduki.com\/index.php\/carte-des-soins\/#primaryimage\",\"url\":\"https:\/\/www.jardinduki.com\/wp-content\/uploads\/2024\/11\/IMG_3274.jpeg\",\"contentUrl\":\"https:\/\/www.jardinduki.com\/wp-content\/uploads\/2024\/11\/IMG_3274.jpeg\",\"width\":2008,\"height\":1564},{\"@type\":\"BreadcrumbList\",\"@id\":\"https:\/\/www.jardinduki.com\/index.php\/carte-des-soins\/#breadcrumb\",\"itemListElement\":[{\"@type\":\"ListItem\",\"position\":1,\"name\":\"Accueil\",\"item\":\"https:\/\/www.jardinduki.com\/\"},{\"@type\":\"ListItem\",\"position\":2,\"name\":\"Carte des soins\"}]},{\"@type\":\"WebSite\",\"@id\":\"https:\/\/www.jardinduki.com\/#website\",\"url\":\"https:\/\/www.jardinduki.com\/\",\"name\":\"Val\u00e9rie STRAUMANN\",\"description\":\"Sp\u00e9cialiste en Shiatsu\",\"publisher\":{\"@id\":\"https:\/\/www.jardinduki.com\/#organization\"},\"potentialAction\":[{\"@type\":\"SearchAction\",\"target\":{\"@type\":\"EntryPoint\",\"urlTemplate\":\"https:\/\/www.jardinduki.com\/?s={search_term_string}\"},\"query-input\":{\"@type\":\"PropertyValueSpecification\",\"valueRequired\":true,\"valueName\":\"search_term_string\"}}],\"inLanguage\":\"fr-FR\"},{\"@type\":\"Organization\",\"@id\":\"https:\/\/www.jardinduki.com\/#organization\",\"name\":\"Jardin du KI\",\"url\":\"https:\/\/www.jardinduki.com\/\",\"logo\":{\"@type\":\"ImageObject\",\"inLanguage\":\"fr-FR\",\"@id\":\"https:\/\/www.jardinduki.com\/#\/schema\/logo\/image\/\",\"url\":\"https:\/\/www.jardinduki.com\/wp-content\/uploads\/2024\/11\/cropped-LOGO_MARRON.png\",\"contentUrl\":\"https:\/\/www.jardinduki.com\/wp-content\/uploads\/2024\/11\/cropped-LOGO_MARRON.png\",\"width\":768,\"height\":768,\"caption\":\"Jardin du KI\"},\"image\":{\"@id\":\"https:\/\/www.jardinduki.com\/#\/schema\/logo\/image\/\"},\"sameAs\":[\"https:\/\/www.instagram.com\/jardinduki\"]}]}<\/script>\n<!-- \/ Yoast SEO plugin. -->","yoast_head_json":{"title":"Carte des soins - Val\u00e9rie STRAUMANN","robots":{"index":"index","follow":"follow","max-snippet":"max-snippet:-1","max-image-preview":"max-image-preview:large","max-video-preview":"max-video-preview:-1"},"canonical":"https:\/\/www.jardinduki.com\/index.php\/carte-des-soins\/","og_locale":"fr_FR","og_type":"article","og_title":"Carte des soins - Val\u00e9rie STRAUMANN","og_description":"Pour obtenir des r\u00e9sultats plus durables et profiter d&rsquo;un suivi personnalis\u00e9, vous pouvez opter pour des formules de plusieurs s\u00e9ances. Ces forfaits sont id\u00e9aux pour une progression continue, vous permettant de maximiser les bienfaits de chaque s\u00e9ance et de cr\u00e9er un v\u00e9ritable impact sur le long terme. En choisissant une [&hellip;]","og_url":"https:\/\/www.jardinduki.com\/index.php\/carte-des-soins\/","og_site_name":"Val\u00e9rie STRAUMANN","article_modified_time":"2025-10-16T07:57:30+00:00","og_image":[{"width":2008,"height":1564,"url":"https:\/\/www.jardinduki.com\/wp-content\/uploads\/2024\/11\/IMG_3274.jpeg","type":"image\/jpeg"}],"twitter_card":"summary_large_image","twitter_misc":{"Dur\u00e9e de lecture estim\u00e9e":"2 minutes"},"schema":{"@context":"https:\/\/schema.org","@graph":[{"@type":"WebPage","@id":"https:\/\/www.jardinduki.com\/index.php\/carte-des-soins\/","url":"https:\/\/www.jardinduki.com\/index.php\/carte-des-soins\/","name":"Carte des soins - Val\u00e9rie STRAUMANN","isPartOf":{"@id":"https:\/\/www.jardinduki.com\/#website"},"primaryImageOfPage":{"@id":"https:\/\/www.jardinduki.com\/index.php\/carte-des-soins\/#primaryimage"},"image":{"@id":"https:\/\/www.jardinduki.com\/index.php\/carte-des-soins\/#primaryimage"},"thumbnailUrl":"https:\/\/www.jardinduki.com\/wp-content\/uploads\/2024\/11\/IMG_3274.jpeg","datePublished":"2025-02-23T18:27:22+00:00","dateModified":"2025-10-16T07:57:30+00:00","breadcrumb":{"@id":"https:\/\/www.jardinduki.com\/index.php\/carte-des-soins\/#breadcrumb"},"inLanguage":"fr-FR","potentialAction":[{"@type":"ReadAction","target":["https:\/\/www.jardinduki.com\/index.php\/carte-des-soins\/"]}]},{"@type":"ImageObject","inLanguage":"fr-FR","@id":"https:\/\/www.jardinduki.com\/index.php\/carte-des-soins\/#primaryimage","url":"https:\/\/www.jardinduki.com\/wp-content\/uploads\/2024\/11\/IMG_3274.jpeg","contentUrl":"https:\/\/www.jardinduki.com\/wp-content\/uploads\/2024\/11\/IMG_3274.jpeg","width":2008,"height":1564},{"@type":"BreadcrumbList","@id":"https:\/\/www.jardinduki.com\/index.php\/carte-des-soins\/#breadcrumb","itemListElement":[{"@type":"ListItem","position":1,"name":"Accueil","item":"https:\/\/www.jardinduki.com\/"},{"@type":"ListItem","position":2,"name":"Carte des soins"}]},{"@type":"WebSite","@id":"https:\/\/www.jardinduki.com\/#website","url":"https:\/\/www.jardinduki.com\/","name":"Val\u00e9rie STRAUMANN","description":"Sp\u00e9cialiste en Shiatsu","publisher":{"@id":"https:\/\/www.jardinduki.com\/#organization"},"potentialAction":[{"@type":"SearchAction","target":{"@type":"EntryPoint","urlTemplate":"https:\/\/www.jardinduki.com\/?s={search_term_string}"},"query-input":{"@type":"PropertyValueSpecification","valueRequired":true,"valueName":"search_term_string"}}],"inLanguage":"fr-FR"},{"@type":"Organization","@id":"https:\/\/www.jardinduki.com\/#organization","name":"Jardin du KI","url":"https:\/\/www.jardinduki.com\/","logo":{"@type":"ImageObject","inLanguage":"fr-FR","@id":"https:\/\/www.jardinduki.com\/#\/schema\/logo\/image\/","url":"https:\/\/www.jardinduki.com\/wp-content\/uploads\/2024\/11\/cropped-LOGO_MARRON.png","contentUrl":"https:\/\/www.jardinduki.com\/wp-content\/uploads\/2024\/11\/cropped-LOGO_MARRON.png","width":768,"height":768,"caption":"Jardin du KI"},"image":{"@id":"https:\/\/www.jardinduki.com\/#\/schema\/logo\/image\/"},"sameAs":["https:\/\/www.instagram.com\/jardinduki"]}]}},"_links":{"self":[{"href":"https:\/\/www.jardinduki.com\/index.php\/wp-json\/wp\/v2\/pages\/152","targetHints":{"allow":["GET"]}}],"collection":[{"href":"https:\/\/www.jardinduki.com\/index.php\/wp-json\/wp\/v2\/pages"}],"about":[{"href":"https:\/\/www.jardinduki.com\/index.php\/wp-json\/wp\/v2\/types\/page"}],"author":[{"embeddable":true,"href":"https:\/\/www.jardinduki.com\/index.php\/wp-json\/wp\/v2\/users\/1"}],"replies":[{"embeddable":true,"href":"https:\/\/www.jardinduki.com\/index.php\/wp-json\/wp\/v2\/comments?post=152"}],"version-history":[{"count":26,"href":"https:\/\/www.jardinduki.com\/index.php\/wp-json\/wp\/v2\/pages\/152\/revisions"}],"predecessor-version":[{"id":346,"href":"https:\/\/www.jardinduki.com\/index.php\/wp-json\/wp\/v2\/pages\/152\/revisions\/346"}],"wp:featuredmedia":[{"embeddable":true,"href":"https:\/\/www.jardinduki.com\/index.php\/wp-json\/wp\/v2\/media\/19"}],"wp:attachment":[{"href":"https:\/\/www.jardinduki.com\/index.php\/wp-json\/wp\/v2\/media?parent=152"}],"curies":[{"name":"wp","href":"https:\/\/api.w.org\/{rel}","templated":true}]}}