{"id":196,"date":"2025-02-26T17:45:07","date_gmt":"2025-02-26T16:45:07","guid":{"rendered":"https:\/\/www.jardinduki.com\/?page_id=196"},"modified":"2025-03-03T11:25:35","modified_gmt":"2025-03-03T10:25:35","slug":"a-propos-du-shiatsu","status":"publish","type":"page","link":"https:\/\/www.jardinduki.com\/index.php\/a-propos-du-shiatsu\/","title":{"rendered":"A propos du Shiatsu"},"content":{"rendered":"\n<p>Technique japonaise de soin par pression, le Shiatsu agit sur le corps pour am\u00e9liorer le bien-\u00eatre global.<\/p>\n\n\n\n<p>En appliquant des pressions douces, le Shiatsu stimule l\u2019\u00e9nergie vitale, apaise le stress et l\u2019anxi\u00e9t\u00e9, am\u00e9liore la qualit\u00e9 du sommeil, soulage les tensions du corps, favorise la d\u00e9tente. <\/p>\n\n\n\n<p>Au-del\u00e0 de ses vertus relaxantes, le Shiatsu vise \u00e0 restaurer et \u00e0 maintenir la sant\u00e9. Il est identifi\u00e9 par le parlement europ\u00e9en comme l\u2019une des huit m\u00e9thodes de \u201cm\u00e9decine non conventionnelle digne d&rsquo;int\u00e9r\u00eat\u201d (r\u00e9solution A4-0075\/97).<\/p>\n\n\n\n<div class=\"wp-block-columns is-layout-flex wp-container-core-columns-is-layout-28f84493 wp-block-columns-is-layout-flex\">\n<div class=\"wp-block-column is-layout-flow wp-block-column-is-layout-flow\" style=\"flex-basis:50%\">\n<p>Les s\u00e9ances de Shiatsu se pratiquent au sol, sur un matelas. Pr\u00e9voir une tenue l\u00e9g\u00e8re et confortable (type jogging) ainsi qu\u2019une paire de chaussettes.<\/p>\n\n\n\n<p>Toutes les s\u00e9ances commencent par un minimum de 10 minutes d\u2019entretien.<\/p>\n<\/div>\n\n\n\n<div class=\"wp-block-column is-vertically-aligned-center is-layout-flow wp-block-column-is-layout-flow\" style=\"flex-basis:50%\"><div class=\"wp-block-image\">\n<figure class=\"aligncenter size-large\"><img fetchpriority=\"high\" decoding=\"async\" width=\"1024\" height=\"768\" src=\"https:\/\/www.jardinduki.com\/wp-content\/uploads\/2025\/02\/IMG_8308-1024x768.jpeg\" alt=\"\" class=\"wp-image-200\" srcset=\"https:\/\/www.jardinduki.com\/wp-content\/uploads\/2025\/02\/IMG_8308-1024x768.jpeg 1024w, https:\/\/www.jardinduki.com\/wp-content\/uploads\/2025\/02\/IMG_8308-300x225.jpeg 300w, https:\/\/www.jardinduki.com\/wp-content\/uploads\/2025\/02\/IMG_8308-768x576.jpeg 768w, https:\/\/www.jardinduki.com\/wp-content\/uploads\/2025\/02\/IMG_8308-1536x1152.jpeg 1536w, https:\/\/www.jardinduki.com\/wp-content\/uploads\/2025\/02\/IMG_8308.jpeg 2048w\" sizes=\"(max-width: 1024px) 100vw, 1024px\" \/><\/figure>\n<\/div><\/div>\n<\/div>\n\n\n\n<div id=\"wp-block-themeisle-blocks-font-awesome-icons-759c84fc\" class=\"wp-block-themeisle-blocks-font-awesome-icons\"><span class=\"wp-block-themeisle-blocks-font-awesome-icons-container\"><a href=\"https:\/\/www.jardinduki.com\/index.php\/carte-des-soins\/\" target=\"_self\" rel=\"noopener noreferrer\"><i class=\"fas fa-spa\"><\/i><\/a><\/span><\/div>\n\n\n\n<h4 class=\"wp-block-heading has-text-align-center\"><a href=\"https:\/\/www.jardinduki.com\/index.php\/carte-des-soins\/\">D\u00e9couvrez la formule qui vous correspond<\/a><\/h4>\n\n\n\n<div id=\"wp-block-themeisle-blocks-accordion-8a26e0fb\" class=\"wp-block-themeisle-blocks-accordion exclusive\">\n<details class=\"wp-block-themeisle-blocks-accordion-item\"><summary class=\"wp-block-themeisle-blocks-accordion-item__title\"><div>Code de d\u00e9ontologie<\/div><\/summary><div class=\"wp-block-themeisle-blocks-accordion-item__content\">\n<p>Le Shiatsu est une pratique non-conventionnelle et ne se substitue pas \u00e0 la m\u00e9decine occidentale. Il peut se pr\u00e9senter comme un compl\u00e9ment, ne dispense pas d&rsquo;un avis m\u00e9dical, d\u2019un diagnostic ou d\u2019un traitement m\u00e9dical.<\/p>\n\n\n\n<p><br>Le Shiatsu est reconnu officiellement par l\u2019\u00c9tat fran\u00e7ais et le Minist\u00e8re du Travail (J.O. du 25\/07\/2015) comme profession, et seul le SPS (<u><a href=\"https:\/\/www.syndicat-shiatsu.fr\/\" target=\"_blank\" rel=\"noreferrer noopener\">Syndicat Professionnel de Shiatsu<\/a><\/u>) est actuellement habilit\u00e9 \u00e0 d\u00e9livrer un titre professionnel de \u00ab\u00a0Sp\u00e9cialiste en Shiatsu\u00a0\u00bb reconnu par l\u2019\u00c9tat.<\/p>\n\n\n\n<p><br>Le Shiatsu est une des huit approches compl\u00e9mentaires cit\u00e9es dans la r\u00e9solution A4-0075\/97 du Parlement europ\u00e9en, vot\u00e9e le 29 mai 1997, en tant que \u201cm\u00e9decine non conventionnelle digne d&rsquo;int\u00e9r\u00eat\u201d.<\/p>\n\n\n\n<p><br>Le Shiatsu (litt\u00e9ralement : pressions des doigts) est un Art et consiste en l&rsquo;application de pressions rythm\u00e9es sur tout le corps, dans un but de r\u00e9\u00e9quilibrage corporel, d&rsquo;am\u00e9lioration et de maintien de la sant\u00e9.<\/p>\n\n\n\n<p><br>Le Shiatsu est bas\u00e9 sur les pr\u00e9ceptes de la M\u00e9decine Traditionnelle Chinoise et appr\u00e9hende la personne dans sa globalit\u00e9 physique, \u00e9motionnelle et psychologique.<\/p>\n<\/div><\/details>\n<\/div>\n","protected":false},"excerpt":{"rendered":"<p>Technique japonaise de soin par pression, le Shiatsu agit sur le corps pour am\u00e9liorer le bien-\u00eatre global. En appliquant des pressions douces, le Shiatsu stimule l\u2019\u00e9nergie vitale, apaise le stress et l\u2019anxi\u00e9t\u00e9, am\u00e9liore la qualit\u00e9 du sommeil, soulage les tensions du corps, favorise la d\u00e9tente. Au-del\u00e0 de ses vertus relaxantes, [&hellip;]<\/p>\n","protected":false},"author":1,"featured_media":19,"parent":0,"menu_order":0,"comment_status":"closed","ping_status":"closed","template":"","meta":{"_themeisle_gutenberg_block_has_review":false,"footnotes":""},"class_list":["post-196","page","type-page","status-publish","has-post-thumbnail","hentry"],"yoast_head":"<!-- This site is optimized with the Yoast SEO plugin v26.1.1 - https:\/\/yoast.com\/wordpress\/plugins\/seo\/ -->\n<title>A propos du Shiatsu - Val\u00e9rie STRAUMANN<\/title>\n<meta name=\"robots\" content=\"index, follow, max-snippet:-1, max-image-preview:large, max-video-preview:-1\" \/>\n<link rel=\"canonical\" href=\"https:\/\/www.jardinduki.com\/index.php\/a-propos-du-shiatsu\/\" \/>\n<meta property=\"og:locale\" content=\"fr_FR\" \/>\n<meta property=\"og:type\" content=\"article\" \/>\n<meta property=\"og:title\" content=\"A propos du Shiatsu - Val\u00e9rie STRAUMANN\" \/>\n<meta property=\"og:description\" content=\"Technique japonaise de soin par pression, le Shiatsu agit sur le corps pour am\u00e9liorer le bien-\u00eatre global. En appliquant des pressions douces, le Shiatsu stimule l\u2019\u00e9nergie vitale, apaise le stress et l\u2019anxi\u00e9t\u00e9, am\u00e9liore la qualit\u00e9 du sommeil, soulage les tensions du corps, favorise la d\u00e9tente. Au-del\u00e0 de ses vertus relaxantes, [&hellip;]\" \/>\n<meta property=\"og:url\" content=\"https:\/\/www.jardinduki.com\/index.php\/a-propos-du-shiatsu\/\" \/>\n<meta property=\"og:site_name\" content=\"Val\u00e9rie STRAUMANN\" \/>\n<meta property=\"article:modified_time\" content=\"2025-03-03T10:25:35+00:00\" \/>\n<meta property=\"og:image\" content=\"https:\/\/www.jardinduki.com\/wp-content\/uploads\/2024\/11\/IMG_3274.jpeg\" \/>\n\t<meta property=\"og:image:width\" content=\"2008\" \/>\n\t<meta property=\"og:image:height\" content=\"1564\" \/>\n\t<meta property=\"og:image:type\" content=\"image\/jpeg\" \/>\n<meta name=\"twitter:card\" content=\"summary_large_image\" \/>\n<meta name=\"twitter:label1\" content=\"Dur\u00e9e de lecture estim\u00e9e\" \/>\n\t<meta name=\"twitter:data1\" content=\"2 minutes\" \/>\n<script type=\"application\/ld+json\" class=\"yoast-schema-graph\">{\"@context\":\"https:\/\/schema.org\",\"@graph\":[{\"@type\":\"WebPage\",\"@id\":\"https:\/\/www.jardinduki.com\/index.php\/a-propos-du-shiatsu\/\",\"url\":\"https:\/\/www.jardinduki.com\/index.php\/a-propos-du-shiatsu\/\",\"name\":\"A propos du Shiatsu - Val\u00e9rie STRAUMANN\",\"isPartOf\":{\"@id\":\"https:\/\/www.jardinduki.com\/#website\"},\"primaryImageOfPage\":{\"@id\":\"https:\/\/www.jardinduki.com\/index.php\/a-propos-du-shiatsu\/#primaryimage\"},\"image\":{\"@id\":\"https:\/\/www.jardinduki.com\/index.php\/a-propos-du-shiatsu\/#primaryimage\"},\"thumbnailUrl\":\"https:\/\/www.jardinduki.com\/wp-content\/uploads\/2024\/11\/IMG_3274.jpeg\",\"datePublished\":\"2025-02-26T16:45:07+00:00\",\"dateModified\":\"2025-03-03T10:25:35+00:00\",\"breadcrumb\":{\"@id\":\"https:\/\/www.jardinduki.com\/index.php\/a-propos-du-shiatsu\/#breadcrumb\"},\"inLanguage\":\"fr-FR\",\"potentialAction\":[{\"@type\":\"ReadAction\",\"target\":[\"https:\/\/www.jardinduki.com\/index.php\/a-propos-du-shiatsu\/\"]}]},{\"@type\":\"ImageObject\",\"inLanguage\":\"fr-FR\",\"@id\":\"https:\/\/www.jardinduki.com\/index.php\/a-propos-du-shiatsu\/#primaryimage\",\"url\":\"https:\/\/www.jardinduki.com\/wp-content\/uploads\/2024\/11\/IMG_3274.jpeg\",\"contentUrl\":\"https:\/\/www.jardinduki.com\/wp-content\/uploads\/2024\/11\/IMG_3274.jpeg\",\"width\":2008,\"height\":1564},{\"@type\":\"BreadcrumbList\",\"@id\":\"https:\/\/www.jardinduki.com\/index.php\/a-propos-du-shiatsu\/#breadcrumb\",\"itemListElement\":[{\"@type\":\"ListItem\",\"position\":1,\"name\":\"Accueil\",\"item\":\"https:\/\/www.jardinduki.com\/\"},{\"@type\":\"ListItem\",\"position\":2,\"name\":\"A propos du Shiatsu\"}]},{\"@type\":\"WebSite\",\"@id\":\"https:\/\/www.jardinduki.com\/#website\",\"url\":\"https:\/\/www.jardinduki.com\/\",\"name\":\"Val\u00e9rie STRAUMANN\",\"description\":\"Sp\u00e9cialiste en Shiatsu\",\"publisher\":{\"@id\":\"https:\/\/www.jardinduki.com\/#organization\"},\"potentialAction\":[{\"@type\":\"SearchAction\",\"target\":{\"@type\":\"EntryPoint\",\"urlTemplate\":\"https:\/\/www.jardinduki.com\/?s={search_term_string}\"},\"query-input\":{\"@type\":\"PropertyValueSpecification\",\"valueRequired\":true,\"valueName\":\"search_term_string\"}}],\"inLanguage\":\"fr-FR\"},{\"@type\":\"Organization\",\"@id\":\"https:\/\/www.jardinduki.com\/#organization\",\"name\":\"Jardin du KI\",\"url\":\"https:\/\/www.jardinduki.com\/\",\"logo\":{\"@type\":\"ImageObject\",\"inLanguage\":\"fr-FR\",\"@id\":\"https:\/\/www.jardinduki.com\/#\/schema\/logo\/image\/\",\"url\":\"https:\/\/www.jardinduki.com\/wp-content\/uploads\/2024\/11\/cropped-LOGO_MARRON.png\",\"contentUrl\":\"https:\/\/www.jardinduki.com\/wp-content\/uploads\/2024\/11\/cropped-LOGO_MARRON.png\",\"width\":768,\"height\":768,\"caption\":\"Jardin du KI\"},\"image\":{\"@id\":\"https:\/\/www.jardinduki.com\/#\/schema\/logo\/image\/\"},\"sameAs\":[\"https:\/\/www.instagram.com\/jardinduki\"]}]}<\/script>\n<!-- \/ Yoast SEO plugin. -->","yoast_head_json":{"title":"A propos du Shiatsu - Val\u00e9rie STRAUMANN","robots":{"index":"index","follow":"follow","max-snippet":"max-snippet:-1","max-image-preview":"max-image-preview:large","max-video-preview":"max-video-preview:-1"},"canonical":"https:\/\/www.jardinduki.com\/index.php\/a-propos-du-shiatsu\/","og_locale":"fr_FR","og_type":"article","og_title":"A propos du Shiatsu - Val\u00e9rie STRAUMANN","og_description":"Technique japonaise de soin par pression, le Shiatsu agit sur le corps pour am\u00e9liorer le bien-\u00eatre global. En appliquant des pressions douces, le Shiatsu stimule l\u2019\u00e9nergie vitale, apaise le stress et l\u2019anxi\u00e9t\u00e9, am\u00e9liore la qualit\u00e9 du sommeil, soulage les tensions du corps, favorise la d\u00e9tente. Au-del\u00e0 de ses vertus relaxantes, [&hellip;]","og_url":"https:\/\/www.jardinduki.com\/index.php\/a-propos-du-shiatsu\/","og_site_name":"Val\u00e9rie STRAUMANN","article_modified_time":"2025-03-03T10:25:35+00:00","og_image":[{"width":2008,"height":1564,"url":"https:\/\/www.jardinduki.com\/wp-content\/uploads\/2024\/11\/IMG_3274.jpeg","type":"image\/jpeg"}],"twitter_card":"summary_large_image","twitter_misc":{"Dur\u00e9e de lecture estim\u00e9e":"2 minutes"},"schema":{"@context":"https:\/\/schema.org","@graph":[{"@type":"WebPage","@id":"https:\/\/www.jardinduki.com\/index.php\/a-propos-du-shiatsu\/","url":"https:\/\/www.jardinduki.com\/index.php\/a-propos-du-shiatsu\/","name":"A propos du Shiatsu - Val\u00e9rie STRAUMANN","isPartOf":{"@id":"https:\/\/www.jardinduki.com\/#website"},"primaryImageOfPage":{"@id":"https:\/\/www.jardinduki.com\/index.php\/a-propos-du-shiatsu\/#primaryimage"},"image":{"@id":"https:\/\/www.jardinduki.com\/index.php\/a-propos-du-shiatsu\/#primaryimage"},"thumbnailUrl":"https:\/\/www.jardinduki.com\/wp-content\/uploads\/2024\/11\/IMG_3274.jpeg","datePublished":"2025-02-26T16:45:07+00:00","dateModified":"2025-03-03T10:25:35+00:00","breadcrumb":{"@id":"https:\/\/www.jardinduki.com\/index.php\/a-propos-du-shiatsu\/#breadcrumb"},"inLanguage":"fr-FR","potentialAction":[{"@type":"ReadAction","target":["https:\/\/www.jardinduki.com\/index.php\/a-propos-du-shiatsu\/"]}]},{"@type":"ImageObject","inLanguage":"fr-FR","@id":"https:\/\/www.jardinduki.com\/index.php\/a-propos-du-shiatsu\/#primaryimage","url":"https:\/\/www.jardinduki.com\/wp-content\/uploads\/2024\/11\/IMG_3274.jpeg","contentUrl":"https:\/\/www.jardinduki.com\/wp-content\/uploads\/2024\/11\/IMG_3274.jpeg","width":2008,"height":1564},{"@type":"BreadcrumbList","@id":"https:\/\/www.jardinduki.com\/index.php\/a-propos-du-shiatsu\/#breadcrumb","itemListElement":[{"@type":"ListItem","position":1,"name":"Accueil","item":"https:\/\/www.jardinduki.com\/"},{"@type":"ListItem","position":2,"name":"A propos du Shiatsu"}]},{"@type":"WebSite","@id":"https:\/\/www.jardinduki.com\/#website","url":"https:\/\/www.jardinduki.com\/","name":"Val\u00e9rie STRAUMANN","description":"Sp\u00e9cialiste en Shiatsu","publisher":{"@id":"https:\/\/www.jardinduki.com\/#organization"},"potentialAction":[{"@type":"SearchAction","target":{"@type":"EntryPoint","urlTemplate":"https:\/\/www.jardinduki.com\/?s={search_term_string}"},"query-input":{"@type":"PropertyValueSpecification","valueRequired":true,"valueName":"search_term_string"}}],"inLanguage":"fr-FR"},{"@type":"Organization","@id":"https:\/\/www.jardinduki.com\/#organization","name":"Jardin du KI","url":"https:\/\/www.jardinduki.com\/","logo":{"@type":"ImageObject","inLanguage":"fr-FR","@id":"https:\/\/www.jardinduki.com\/#\/schema\/logo\/image\/","url":"https:\/\/www.jardinduki.com\/wp-content\/uploads\/2024\/11\/cropped-LOGO_MARRON.png","contentUrl":"https:\/\/www.jardinduki.com\/wp-content\/uploads\/2024\/11\/cropped-LOGO_MARRON.png","width":768,"height":768,"caption":"Jardin du KI"},"image":{"@id":"https:\/\/www.jardinduki.com\/#\/schema\/logo\/image\/"},"sameAs":["https:\/\/www.instagram.com\/jardinduki"]}]}},"_links":{"self":[{"href":"https:\/\/www.jardinduki.com\/index.php\/wp-json\/wp\/v2\/pages\/196","targetHints":{"allow":["GET"]}}],"collection":[{"href":"https:\/\/www.jardinduki.com\/index.php\/wp-json\/wp\/v2\/pages"}],"about":[{"href":"https:\/\/www.jardinduki.com\/index.php\/wp-json\/wp\/v2\/types\/page"}],"author":[{"embeddable":true,"href":"https:\/\/www.jardinduki.com\/index.php\/wp-json\/wp\/v2\/users\/1"}],"replies":[{"embeddable":true,"href":"https:\/\/www.jardinduki.com\/index.php\/wp-json\/wp\/v2\/comments?post=196"}],"version-history":[{"count":13,"href":"https:\/\/www.jardinduki.com\/index.php\/wp-json\/wp\/v2\/pages\/196\/revisions"}],"predecessor-version":[{"id":324,"href":"https:\/\/www.jardinduki.com\/index.php\/wp-json\/wp\/v2\/pages\/196\/revisions\/324"}],"wp:featuredmedia":[{"embeddable":true,"href":"https:\/\/www.jardinduki.com\/index.php\/wp-json\/wp\/v2\/media\/19"}],"wp:attachment":[{"href":"https:\/\/www.jardinduki.com\/index.php\/wp-json\/wp\/v2\/media?parent=196"}],"curies":[{"name":"wp","href":"https:\/\/api.w.org\/{rel}","templated":true}]}}